{"id":563,"date":"2024-04-06T00:37:05","date_gmt":"2024-04-05T22:37:05","guid":{"rendered":"https:\/\/partnerschaft-igoma-luebeck.de\/?page_id=563"},"modified":"2024-04-06T00:37:05","modified_gmt":"2024-04-05T22:37:05","slug":"tanzania-goes-climate","status":"publish","type":"page","link":"https:\/\/partnerschaft-igoma-luebeck.de\/sw\/unsere-projekte\/aktuelle-projekte\/tanzania-goes-climate\/","title":{"rendered":"Tanzania goes climate"},"content":{"rendered":"\n<p><strong>Klima, Lebensmittel, Menschlichkeit<\/strong><\/p>\n\n\n\n<p>Unsere Kirchengemeinde ist eng mit dem ostafrikanischen Tansania verbunden. Eine Gruppe von zehn Ehrenamtlichen hilft den Menschen vor Ort, sammelt Geld, kn\u00fcpft Kontakte. Aber warum engagieren sich L\u00fcbecker f\u00fcr ein Land, das \u00fcber 7000 Kilometer weit entfernt ist?<\/p>\n\n\n\n<p><strong>Vom Solarkocher bis zur Krisen-Bew\u00e4ltigung<\/strong><\/p>\n\n\n\n<p>Vieles haben wir schon erreicht. Wir haben den Menschen in ihrer Patengemeinde Igoma Solarkocher gebracht und Brunnenbau erm\u00f6glicht. Wir haben Schulen vor Ort unterst\u00fctzt, den Menschen in Afrika durch die Aids-Epidemie und die Corona-Krise geholfen. Wir haben f\u00fcr Lebensmittel und Schulen gesammelt. Nun bewegt die Tansania-Gruppe der Kirchengemeinde Luther-Melanchthon ein Thema, das f\u00fcr Menschen in Afrika ebenso akut ist wie f\u00fcr L\u00fcbecker: das Klima.<br><\/p>\n\n\n\n<p><strong>Kirchengemeinde unterst\u00fctzt Klima-Projekt der Nordkirche<\/strong><\/p>\n\n\n\n<p> Unsere Gemeinde ist eine von sieben Kirchengemeinden innerhalb der<br>Nordkirche, die mitmachen. Mitmachen beim Projekt \u201eKlimapartnerschaften&#8221;. Im Blick haben die Teilnehmenden dabei vor allem erneuerbare Energien, nachhaltige Landwirtschaft und den Erhalt biologischer Vielfalt. Ausgetauscht werden sollen vor allem Wissen und F\u00e4higkeiten, um den Klimawandel zu meistern. Unterst\u00fctzung erh\u00e4lt das Projekt auch von Klimafachleuten, die die einzelnen Projekte begleiten werden.<\/p>\n\n\n\n<p><strong>Wird die Lutherkirche in L\u00fcbeck klimaneutral?<\/strong><\/p>\n\n\n\n<p>F\u00fcr die Gemeinde erm\u00f6glicht die Besch\u00e4ftigung mit der Problematik auch, sich mit den Problemen in L\u00fcbeck zu befassen. Es gibt \u00dcberlegungen, die Lutherkirche in der Moislinger Allee klimaneutral zu machen. \u201eDerzeit befassen sich Fachleute mit der m\u00f6glichen Umsetzung&#8221;, erkl\u00e4rt Pastor Thorsten Rose. Die Uberlegung dazu entstand auch, weil die Tansania-Gruppe Anfang 2026 in das ostafrikanische Land reisen m\u00f6chte. \u201eEs gab Kritik daran, dass wir f\u00fcr ein Klimaprojekt fliegen. Diese Kritik nehmen wir ernst&#8221;, erkl\u00e4rt Rose. In der Klimaneutralit\u00e4t der Lutherkirche sieht er auch eine M\u00f6glichkeit noch mehr Menschen anzuregen, \u00fcber ihren \u00f6kologischen Fu\u00dfabdruck<br>nachzudenken.<\/p>\n","protected":false},"excerpt":{"rendered":"<p>Klima, Lebensmittel, Menschlichkeit Unsere Kirchengemeinde ist eng mit dem ostafrikanischen Tansania verbunden. Eine Gruppe von zehn Ehrenamtlichen hilft den Menschen vor Ort, sammelt Geld, kn\u00fcpft Kontakte. Aber warum engagieren sich L\u00fcbecker f\u00fcr ein Land, das<a class=\"read-more\" href=\"https:\/\/partnerschaft-igoma-luebeck.de\/sw\/unsere-projekte\/aktuelle-projekte\/tanzania-goes-climate\/\">Continue reading<\/a><\/p>\n","protected":false},"author":3,"featured_media":0,"parent":509,"menu_order":0,"comment_status":"closed","ping_status":"closed","template":"","meta":{"footnotes":""},"class_list":["post-563","page","type-page","status-publish","hentry"],"_links":{"self":[{"href":"https:\/\/partnerschaft-igoma-luebeck.de\/sw\/wp-json\/wp\/v2\/pages\/563","targetHints":{"allow":["GET"]}}],"collection":[{"href":"https:\/\/partnerschaft-igoma-luebeck.de\/sw\/wp-json\/wp\/v2\/pages"}],"about":[{"href":"https:\/\/partnerschaft-igoma-luebeck.de\/sw\/wp-json\/wp\/v2\/types\/page"}],"author":[{"embeddable":true,"href":"https:\/\/partnerschaft-igoma-luebeck.de\/sw\/wp-json\/wp\/v2\/users\/3"}],"replies":[{"embeddable":true,"href":"https:\/\/partnerschaft-igoma-luebeck.de\/sw\/wp-json\/wp\/v2\/comments?post=563"}],"version-history":[{"count":5,"href":"https:\/\/partnerschaft-igoma-luebeck.de\/sw\/wp-json\/wp\/v2\/pages\/563\/revisions"}],"predecessor-version":[{"id":593,"href":"https:\/\/partnerschaft-igoma-luebeck.de\/sw\/wp-json\/wp\/v2\/pages\/563\/revisions\/593"}],"up":[{"embeddable":true,"href":"https:\/\/partnerschaft-igoma-luebeck.de\/sw\/wp-json\/wp\/v2\/pages\/509"}],"wp:attachment":[{"href":"https:\/\/partnerschaft-igoma-luebeck.de\/sw\/wp-json\/wp\/v2\/media?parent=563"}],"curies":[{"name":"wp","href":"https:\/\/api.w.org\/{rel}","templated":true}]}}