{"id":511,"date":"2024-07-07T15:37:00","date_gmt":"2024-07-07T13:37:00","guid":{"rendered":"https:\/\/partnerschaft-igoma-luebeck.de\/?page_id=511"},"modified":"2024-07-07T15:37:17","modified_gmt":"2024-07-07T13:37:17","slug":"abgeschlossene-projekte","status":"publish","type":"page","link":"https:\/\/partnerschaft-igoma-luebeck.de\/sw\/unsere-projekte\/abgeschlossene-projekte\/","title":{"rendered":"Abgeschlossene Projekte"},"content":{"rendered":"\t\t<div class=\"shailan-subpages-container\">\r\n            <ul class=\"subpages\">\r\n                <li class=\"page_item page-item-519\"><a href=\"https:\/\/partnerschaft-igoma-luebeck.de\/sw\/unsere-projekte\/abgeschlossene-projekte\/fsj-lerin-aus-igoma-in-luebeck\/\">FSJ-lerin aus Igoma in L\u00fcbeck<\/a><\/li>\n<li class=\"page_item page-item-399\"><a href=\"https:\/\/partnerschaft-igoma-luebeck.de\/sw\/unsere-projekte\/abgeschlossene-projekte\/coronaprojekt-1\/\">Corona-Projekt 1<\/a><\/li>\n<li class=\"page_item page-item-418\"><a href=\"https:\/\/partnerschaft-igoma-luebeck.de\/sw\/unsere-projekte\/abgeschlossene-projekte\/coronaprojekt-2\/\">Corona-Projekt 2<\/a><\/li>\n<li class=\"page_item page-item-47\"><a href=\"https:\/\/partnerschaft-igoma-luebeck.de\/sw\/unsere-projekte\/abgeschlossene-projekte\/lehmkochstellen\/\">Mit der FH L\u00fcbeck: Lehmkochstellen 2011 &#038; 2015<\/a><\/li>\n<li class=\"page_item page-item-117\"><a href=\"https:\/\/partnerschaft-igoma-luebeck.de\/sw\/unsere-projekte\/abgeschlossene-projekte\/mit-der-fh-luebeck-separationstoilette\/\">Mit der FH L\u00fcbeck: Separationstoiletten 2015<\/a><\/li>\n            <\/ul>\r\n\t\t<\/div>\r\n\t\t","protected":false},"excerpt":{"rendered":"<p>FSJ-lerin aus Igoma in L\u00fcbeck Corona-Projekt 1 Corona-Projekt 2 Mit der FH L\u00fcbeck: Lehmkochstellen 2011 &#038; 2015 Mit der FH L\u00fcbeck: Separationstoiletten 2015<\/p>\n","protected":false},"author":3,"featured_media":0,"parent":7,"menu_order":2,"comment_status":"closed","ping_status":"closed","template":"","meta":{"footnotes":""},"class_list":["post-511","page","type-page","status-publish","hentry"],"_links":{"self":[{"href":"https:\/\/partnerschaft-igoma-luebeck.de\/sw\/wp-json\/wp\/v2\/pages\/511","targetHints":{"allow":["GET"]}}],"collection":[{"href":"https:\/\/partnerschaft-igoma-luebeck.de\/sw\/wp-json\/wp\/v2\/pages"}],"about":[{"href":"https:\/\/partnerschaft-igoma-luebeck.de\/sw\/wp-json\/wp\/v2\/types\/page"}],"author":[{"embeddable":true,"href":"https:\/\/partnerschaft-igoma-luebeck.de\/sw\/wp-json\/wp\/v2\/users\/3"}],"replies":[{"embeddable":true,"href":"https:\/\/partnerschaft-igoma-luebeck.de\/sw\/wp-json\/wp\/v2\/comments?post=511"}],"version-history":[{"count":1,"href":"https:\/\/partnerschaft-igoma-luebeck.de\/sw\/wp-json\/wp\/v2\/pages\/511\/revisions"}],"predecessor-version":[{"id":512,"href":"https:\/\/partnerschaft-igoma-luebeck.de\/sw\/wp-json\/wp\/v2\/pages\/511\/revisions\/512"}],"up":[{"embeddable":true,"href":"https:\/\/partnerschaft-igoma-luebeck.de\/sw\/wp-json\/wp\/v2\/pages\/7"}],"wp:attachment":[{"href":"https:\/\/partnerschaft-igoma-luebeck.de\/sw\/wp-json\/wp\/v2\/media?parent=511"}],"curies":[{"name":"wp","href":"https:\/\/api.w.org\/{rel}","templated":true}]}}