{"id":399,"date":"2024-07-07T16:25:26","date_gmt":"2024-07-07T14:25:26","guid":{"rendered":"https:\/\/partnerschaft-igoma-luebeck.de\/?page_id=399"},"modified":"2024-07-07T16:25:46","modified_gmt":"2024-07-07T14:25:46","slug":"coronaprojekt-1","status":"publish","type":"page","link":"https:\/\/partnerschaft-igoma-luebeck.de\/sw\/unsere-projekte\/abgeschlossene-projekte\/coronaprojekt-1\/","title":{"rendered":"Corona-Projekt 1"},"content":{"rendered":"\n<p>Der Beginn der Coronapandemie brachte nicht nur in L\u00fcbeck, sondern auch in Tansania erhebliche Probleme mit sich. Masken waren wie in L\u00fcbeck nicht erh\u00e4ltlich oder sehr teuer, nicht einmal Seife war bei der <strong>\u00e4rmeren Bev\u00f6lkerungsschicht<\/strong> ausreichend vorhanden.<\/p>\n\n\n\n<p>Im Gespr\u00e4ch mit den Freunden in Tansania haben wir deshalb in nur 4 Wochen ein <strong>Sofort-Projekt<\/strong> auf die Beine gestellt. Finanziert aus den R\u00fccklagen der Partnerschaftsarbeit konnten rund \u20ac 2.000.- rasch auf den Weg gebracht werden.<\/p>\n\n\n\n<p><a><\/a> Besonders die <strong>Frauen der Partnergemeinde<\/strong> wurden umgehend aktiv. Innerhalb von 4 Wochen wurden mehr als <strong>1500 Stoffmasken<\/strong> gen\u00e4ht und an die Gemeindeglieder und ihre Familien verteilt. Dabei wurden Stoff und Anleitung von der Gemeinde gestellt und von den Frauen der Gemeinde gen\u00e4ht. 10 Masken waren f\u00fcr die Gemeinde abzugeben, weitere 5 konnten f\u00fcr die eigene Familie oder f\u00fcr den Weiterverkauf gefertigt werden. Dieses Modell hat sich hervorragend bew\u00e4hrt.<\/p>\n\n\n\n<p>Au\u00dferdem gelang es, wieder mit Hilfe der Frauen der Gemeinde, Rohstoffe und <strong>Seifen-Spender<\/strong> f\u00fcr fl\u00fcssige <strong>antibakterielle Seife<\/strong> zu besorgen und in gemeinsamer Arbeit hunderte Seifenportionen herzustellen. Die Seife wurde an die Familien der Gemeinde verteilt.<\/p>\n\n\n\n<p>F\u00fcr Gottesdienste in der Kirche in Igoma und in den Sub-parishes (Untergemeinden in der Umgebung) und f\u00fcr <strong>Gemeindeveranstaltungen<\/strong> wurde die M\u00f6glichkeit geschaffen, die H\u00e4nde zu waschen und zu desinfizieren.<\/p>\n\n\n\n<p>Auch <strong>Informationen zum Virus<\/strong> und zum Umgang damit wurden in den Gottesdiensten und Gemeindeveranstaltungen besprochen.<\/p>\n\n\n\n<p>Wir danken den Freunden in Tansania f\u00fcr die <strong>rasche Umsetzung<\/strong> der Ideen und alles Engagement!!!<\/p>\n\n\n\n<figure class=\"wp-block-gallery has-nested-images columns-default is-cropped wp-block-gallery-1 is-layout-flex wp-block-gallery-is-layout-flex\">\n<figure class=\"wp-block-image size-large is-resized\"><img loading=\"lazy\" decoding=\"async\" data-id=\"433\" src=\"https:\/\/partnerschaft-igoma-luebeck.de\/wp-content\/uploads\/2022\/03\/Co-1-2020-04-26-Seifenproduktion-1-1024x576.jpeg\" alt=\"\" class=\"wp-image-433\" width=\"336\" height=\"188\" srcset=\"https:\/\/partnerschaft-igoma-luebeck.de\/wp-content\/uploads\/2022\/03\/Co-1-2020-04-26-Seifenproduktion-1-1024x576.jpeg 1024w, https:\/\/partnerschaft-igoma-luebeck.de\/wp-content\/uploads\/2022\/03\/Co-1-2020-04-26-Seifenproduktion-1-300x169.jpeg 300w, https:\/\/partnerschaft-igoma-luebeck.de\/wp-content\/uploads\/2022\/03\/Co-1-2020-04-26-Seifenproduktion-1-768x432.jpeg 768w, https:\/\/partnerschaft-igoma-luebeck.de\/wp-content\/uploads\/2022\/03\/Co-1-2020-04-26-Seifenproduktion-1-520x293.jpeg 520w, https:\/\/partnerschaft-igoma-luebeck.de\/wp-content\/uploads\/2022\/03\/Co-1-2020-04-26-Seifenproduktion-1-740x417.jpeg 740w, https:\/\/partnerschaft-igoma-luebeck.de\/wp-content\/uploads\/2022\/03\/Co-1-2020-04-26-Seifenproduktion-1.jpeg 1032w\" sizes=\"auto, (max-width: 336px) 100vw, 336px\" \/><\/figure>\n\n\n\n<figure class=\"wp-block-image size-large\"><img loading=\"lazy\" decoding=\"async\" width=\"576\" height=\"1024\" data-id=\"442\" src=\"https:\/\/partnerschaft-igoma-luebeck.de\/wp-content\/uploads\/2022\/03\/Co-1-2020-04-27-Rahel-Boma-sewing--576x1024.jpeg\" alt=\"\" class=\"wp-image-442\" srcset=\"https:\/\/partnerschaft-igoma-luebeck.de\/wp-content\/uploads\/2022\/03\/Co-1-2020-04-27-Rahel-Boma-sewing--576x1024.jpeg 576w, https:\/\/partnerschaft-igoma-luebeck.de\/wp-content\/uploads\/2022\/03\/Co-1-2020-04-27-Rahel-Boma-sewing--169x300.jpeg 169w, https:\/\/partnerschaft-igoma-luebeck.de\/wp-content\/uploads\/2022\/03\/Co-1-2020-04-27-Rahel-Boma-sewing--520x924.jpeg 520w, https:\/\/partnerschaft-igoma-luebeck.de\/wp-content\/uploads\/2022\/03\/Co-1-2020-04-27-Rahel-Boma-sewing-.jpeg 581w\" sizes=\"auto, (max-width: 576px) 100vw, 576px\" \/><\/figure>\n\n\n\n<figure class=\"wp-block-image size-large\"><img loading=\"lazy\" decoding=\"async\" width=\"1024\" height=\"576\" data-id=\"443\" src=\"https:\/\/partnerschaft-igoma-luebeck.de\/wp-content\/uploads\/2022\/03\/Co-1-Antibakterial-soap-1-1024x576.jpeg\" alt=\"\" class=\"wp-image-443\" srcset=\"https:\/\/partnerschaft-igoma-luebeck.de\/wp-content\/uploads\/2022\/03\/Co-1-Antibakterial-soap-1-1024x576.jpeg 1024w, https:\/\/partnerschaft-igoma-luebeck.de\/wp-content\/uploads\/2022\/03\/Co-1-Antibakterial-soap-1-300x169.jpeg 300w, https:\/\/partnerschaft-igoma-luebeck.de\/wp-content\/uploads\/2022\/03\/Co-1-Antibakterial-soap-1-768x432.jpeg 768w, https:\/\/partnerschaft-igoma-luebeck.de\/wp-content\/uploads\/2022\/03\/Co-1-Antibakterial-soap-1-520x293.jpeg 520w, https:\/\/partnerschaft-igoma-luebeck.de\/wp-content\/uploads\/2022\/03\/Co-1-Antibakterial-soap-1-740x417.jpeg 740w, https:\/\/partnerschaft-igoma-luebeck.de\/wp-content\/uploads\/2022\/03\/Co-1-Antibakterial-soap-1.jpeg 1032w\" sizes=\"auto, (max-width: 1024px) 100vw, 1024px\" \/><\/figure>\n\n\n\n<figure class=\"wp-block-image size-large\"><img loading=\"lazy\" decoding=\"async\" width=\"1024\" height=\"576\" data-id=\"444\" src=\"https:\/\/partnerschaft-igoma-luebeck.de\/wp-content\/uploads\/2022\/03\/Co-1-Masken-im-Gottesdienst-in-Igoma-Mai-2020-1-1024x576.jpeg\" alt=\"\" class=\"wp-image-444\" srcset=\"https:\/\/partnerschaft-igoma-luebeck.de\/wp-content\/uploads\/2022\/03\/Co-1-Masken-im-Gottesdienst-in-Igoma-Mai-2020-1-1024x576.jpeg 1024w, https:\/\/partnerschaft-igoma-luebeck.de\/wp-content\/uploads\/2022\/03\/Co-1-Masken-im-Gottesdienst-in-Igoma-Mai-2020-1-300x169.jpeg 300w, https:\/\/partnerschaft-igoma-luebeck.de\/wp-content\/uploads\/2022\/03\/Co-1-Masken-im-Gottesdienst-in-Igoma-Mai-2020-1-768x432.jpeg 768w, https:\/\/partnerschaft-igoma-luebeck.de\/wp-content\/uploads\/2022\/03\/Co-1-Masken-im-Gottesdienst-in-Igoma-Mai-2020-1-520x293.jpeg 520w, https:\/\/partnerschaft-igoma-luebeck.de\/wp-content\/uploads\/2022\/03\/Co-1-Masken-im-Gottesdienst-in-Igoma-Mai-2020-1-740x417.jpeg 740w, https:\/\/partnerschaft-igoma-luebeck.de\/wp-content\/uploads\/2022\/03\/Co-1-Masken-im-Gottesdienst-in-Igoma-Mai-2020-1.jpeg 1032w\" sizes=\"auto, (max-width: 1024px) 100vw, 1024px\" \/><\/figure>\n\n\n\n<figure class=\"wp-block-image size-large\"><img loading=\"lazy\" decoding=\"async\" width=\"1024\" height=\"576\" data-id=\"445\" src=\"https:\/\/partnerschaft-igoma-luebeck.de\/wp-content\/uploads\/2022\/03\/Co-1-Masken-Makedonia-supparish-10.05.20-1-1024x576.jpeg\" alt=\"\" class=\"wp-image-445\" srcset=\"https:\/\/partnerschaft-igoma-luebeck.de\/wp-content\/uploads\/2022\/03\/Co-1-Masken-Makedonia-supparish-10.05.20-1-1024x576.jpeg 1024w, https:\/\/partnerschaft-igoma-luebeck.de\/wp-content\/uploads\/2022\/03\/Co-1-Masken-Makedonia-supparish-10.05.20-1-300x169.jpeg 300w, https:\/\/partnerschaft-igoma-luebeck.de\/wp-content\/uploads\/2022\/03\/Co-1-Masken-Makedonia-supparish-10.05.20-1-768x432.jpeg 768w, https:\/\/partnerschaft-igoma-luebeck.de\/wp-content\/uploads\/2022\/03\/Co-1-Masken-Makedonia-supparish-10.05.20-1-520x293.jpeg 520w, https:\/\/partnerschaft-igoma-luebeck.de\/wp-content\/uploads\/2022\/03\/Co-1-Masken-Makedonia-supparish-10.05.20-1-740x417.jpeg 740w, https:\/\/partnerschaft-igoma-luebeck.de\/wp-content\/uploads\/2022\/03\/Co-1-Masken-Makedonia-supparish-10.05.20-1.jpeg 1032w\" sizes=\"auto, (max-width: 1024px) 100vw, 1024px\" \/><\/figure>\n\n\n\n<figure class=\"wp-block-image size-large\"><img loading=\"lazy\" decoding=\"async\" width=\"1024\" height=\"576\" data-id=\"446\" src=\"https:\/\/partnerschaft-igoma-luebeck.de\/wp-content\/uploads\/2022\/03\/Co-1-Seife-und-Flyer-Ihajaboujaga-1-1024x576.jpeg\" alt=\"\" class=\"wp-image-446\" srcset=\"https:\/\/partnerschaft-igoma-luebeck.de\/wp-content\/uploads\/2022\/03\/Co-1-Seife-und-Flyer-Ihajaboujaga-1-1024x576.jpeg 1024w, https:\/\/partnerschaft-igoma-luebeck.de\/wp-content\/uploads\/2022\/03\/Co-1-Seife-und-Flyer-Ihajaboujaga-1-300x169.jpeg 300w, https:\/\/partnerschaft-igoma-luebeck.de\/wp-content\/uploads\/2022\/03\/Co-1-Seife-und-Flyer-Ihajaboujaga-1-768x432.jpeg 768w, https:\/\/partnerschaft-igoma-luebeck.de\/wp-content\/uploads\/2022\/03\/Co-1-Seife-und-Flyer-Ihajaboujaga-1-520x293.jpeg 520w, https:\/\/partnerschaft-igoma-luebeck.de\/wp-content\/uploads\/2022\/03\/Co-1-Seife-und-Flyer-Ihajaboujaga-1-740x417.jpeg 740w, https:\/\/partnerschaft-igoma-luebeck.de\/wp-content\/uploads\/2022\/03\/Co-1-Seife-und-Flyer-Ihajaboujaga-1.jpeg 1032w\" sizes=\"auto, (max-width: 1024px) 100vw, 1024px\" \/><\/figure>\n\n\n\n<figure class=\"wp-block-image size-large\"><img loading=\"lazy\" decoding=\"async\" width=\"1024\" height=\"768\" data-id=\"447\" src=\"https:\/\/partnerschaft-igoma-luebeck.de\/wp-content\/uploads\/2022\/03\/Co-1-Flyer-Corona-2020-04-30-1-1024x768.jpeg\" alt=\"\" class=\"wp-image-447\" srcset=\"https:\/\/partnerschaft-igoma-luebeck.de\/wp-content\/uploads\/2022\/03\/Co-1-Flyer-Corona-2020-04-30-1-1024x768.jpeg 1024w, https:\/\/partnerschaft-igoma-luebeck.de\/wp-content\/uploads\/2022\/03\/Co-1-Flyer-Corona-2020-04-30-1-300x225.jpeg 300w, https:\/\/partnerschaft-igoma-luebeck.de\/wp-content\/uploads\/2022\/03\/Co-1-Flyer-Corona-2020-04-30-1-768x576.jpeg 768w, https:\/\/partnerschaft-igoma-luebeck.de\/wp-content\/uploads\/2022\/03\/Co-1-Flyer-Corona-2020-04-30-1-520x390.jpeg 520w, https:\/\/partnerschaft-igoma-luebeck.de\/wp-content\/uploads\/2022\/03\/Co-1-Flyer-Corona-2020-04-30-1-740x555.jpeg 740w, https:\/\/partnerschaft-igoma-luebeck.de\/wp-content\/uploads\/2022\/03\/Co-1-Flyer-Corona-2020-04-30-1.jpeg 1032w\" sizes=\"auto, (max-width: 1024px) 100vw, 1024px\" \/><\/figure>\n<\/figure>\n","protected":false},"excerpt":{"rendered":"<p>Der Beginn der Coronapandemie brachte nicht nur in L\u00fcbeck, sondern auch in Tansania erhebliche Probleme mit sich. Masken waren wie in L\u00fcbeck nicht erh\u00e4ltlich oder sehr teuer, nicht einmal Seife war bei der \u00e4rmeren Bev\u00f6lkerungsschicht<a class=\"read-more\" href=\"https:\/\/partnerschaft-igoma-luebeck.de\/sw\/unsere-projekte\/abgeschlossene-projekte\/coronaprojekt-1\/\">Continue reading<\/a><\/p>\n","protected":false},"author":2,"featured_media":0,"parent":511,"menu_order":6,"comment_status":"closed","ping_status":"closed","template":"","meta":{"footnotes":""},"class_list":["post-399","page","type-page","status-publish","hentry"],"_links":{"self":[{"href":"https:\/\/partnerschaft-igoma-luebeck.de\/sw\/wp-json\/wp\/v2\/pages\/399","targetHints":{"allow":["GET"]}}],"collection":[{"href":"https:\/\/partnerschaft-igoma-luebeck.de\/sw\/wp-json\/wp\/v2\/pages"}],"about":[{"href":"https:\/\/partnerschaft-igoma-luebeck.de\/sw\/wp-json\/wp\/v2\/types\/page"}],"author":[{"embeddable":true,"href":"https:\/\/partnerschaft-igoma-luebeck.de\/sw\/wp-json\/wp\/v2\/users\/2"}],"replies":[{"embeddable":true,"href":"https:\/\/partnerschaft-igoma-luebeck.de\/sw\/wp-json\/wp\/v2\/comments?post=399"}],"version-history":[{"count":7,"href":"https:\/\/partnerschaft-igoma-luebeck.de\/sw\/wp-json\/wp\/v2\/pages\/399\/revisions"}],"predecessor-version":[{"id":454,"href":"https:\/\/partnerschaft-igoma-luebeck.de\/sw\/wp-json\/wp\/v2\/pages\/399\/revisions\/454"}],"up":[{"embeddable":true,"href":"https:\/\/partnerschaft-igoma-luebeck.de\/sw\/wp-json\/wp\/v2\/pages\/511"}],"wp:attachment":[{"href":"https:\/\/partnerschaft-igoma-luebeck.de\/sw\/wp-json\/wp\/v2\/media?parent=399"}],"curies":[{"name":"wp","href":"https:\/\/api.w.org\/{rel}","templated":true}]}}