{"id":38,"date":"2018-01-05T21:36:10","date_gmt":"2018-01-05T20:36:10","guid":{"rendered":"http:\/\/igoma.klagge-it.de\/?page_id=38"},"modified":"2023-11-12T19:41:02","modified_gmt":"2023-11-12T18:41:02","slug":"neema-geburtsvorbereitung","status":"publish","type":"page","link":"https:\/\/partnerschaft-igoma-luebeck.de\/sw\/unsere-projekte\/aktuelle-projekte\/neema-geburtsvorbereitung\/","title":{"rendered":"&#8220;Neema&#8221; &#8211; Geburtsvorbereitung"},"content":{"rendered":"<p>In Tansania ist die Gesundheitsversorgung nur \u00e4u\u00dferst unzureichend: Krankenversicherungen gibt es kaum.\u00a0Die wenigen gut ausgestatteten \u00c4rzte und\u00a0Krankenh\u00e4user erheben hohe Geb\u00fchren, armen Menschen stehen daher nur schlecht ausger\u00fcstete Krankenstationen zur Verf\u00fcgung, die nur \u00fcber unzureichend geschultes Personal und wenige Medikamente verf\u00fcgen.<\/p>\n<p>Besonders betroffen sind geb\u00e4rende Frauen: Kinder werden zuhause zur Welt gebracht, evtl. mit Hilfe von Hebammen. Hygieneartikel sind kaum vorhanden und bei Problemgeburten sind Mutter und Kind schnell in Lebensgefahr, weil kein Arzt zu Hilfe gerufen werden kann. Manche Frauen versuchen in solchen Situationen, mit dem Bus oder sogar mit\u00a0dem Fahrrad eine Krankenstation zu erreichen. Oft werden sie von Bus- oder\u00a0Autofahrern abgewiesen, so dass manchmal Kinder am Stra\u00dfenrand geboren werden.<\/p>\n<p>Die Sterblichkeitsrate bei\u00a0geb\u00e4renden Frauen und neugeborenen Kindern ist daher\u00a0auch in unserer Partnergemeinde in Igoma und den von ihr betreuten Missionsgemeinden sehr hoch.<\/p>\n<h3>Unser Projekt<\/h3>\n<p>Eine Frau aus unserer Gemeinde hat Anfang 2004 anl\u00e4sslich der Taufe ihres Kindes eine gr\u00f6\u00dfere Geldsumme gespendet, die f\u00fcr die Errichtung eines Fonds &#8220;Geburtsvorbereitung&#8221; verwendet wurde. Frauen in Igoma haben daraufhin ein Komitee gebildet, das Kontakt zu armen schwangeren Frauen insbesondere in den Missionsgemeinden auf dem Lande\u00a0aufnimmt und sie bei der Geburtsvorbereitung unterst\u00fctzt durch Hygieneartikel, Einmalhandschuhe als Schutz vor AIDS-\u00dcbertragung, Medikamente, Beratung und \u00dcbernahme evtl. Transportkosten.<\/p>\n<p>Die Transportkosten sind bei Frauen in den umliegenden D\u00f6rfern wegen evtl. h\u00f6herer Transportkosten h\u00f6her als bei Frauen in Igoma selbst. Durchschnittlich kann f\u00fcr 10 \u20ac eine sicherere Geburt gew\u00e4hrleistet werden. Allerdings sind auch mit der Unterst\u00fctzung durch den Fonds die Verh\u00e4ltnisse bei Geburten bei weitem nicht mit denen in Deutschland vergleichbar.<\/p>\n<p><style id=\"bwg-style-2\">    #bwg_container1_2 #bwg_container2_2 .bwg-container-2.bwg-standard-thumbnails {      width: 804px;              justify-content: center;        margin:0 auto !important;              background-color: rgba(255, 255, 255, 0.00);            padding-left: 4px;      padding-top: 4px;      max-width: 100%;            }        #bwg_container1_2 #bwg_container2_2 .bwg-container-2.bwg-standard-thumbnails .bwg-item {    justify-content: flex-start;      max-width: 200px;          }    #bwg_container1_2 #bwg_container2_2 .bwg-container-2.bwg-standard-thumbnails .bwg-item a {       margin-right: 4px;       margin-bottom: 4px;    }    #bwg_container1_2 #bwg_container2_2 .bwg-container-2.bwg-standard-thumbnails .bwg-item0 {      padding: 4px;            background-color:rgba(232,232,232, 0.30);      border: 5px none #FFFFFF;      opacity: 1.00;      border-radius: 0;      box-shadow: 0px 0px 0px #888888;    }    #bwg_container1_2 #bwg_container2_2 .bwg-container-2.bwg-standard-thumbnails .bwg-item1 img {      max-height: none;      max-width: none;      padding: 0 !important;    }        @media only screen and (min-width: 480px) {      #bwg_container1_2 #bwg_container2_2 .bwg-container-2.bwg-standard-thumbnails .bwg-item0 {        transition: all 0.3s ease 0s;-webkit-transition: all 0.3s ease 0s;      }      #bwg_container1_2 #bwg_container2_2 .bwg-container-2.bwg-standard-thumbnails .bwg-item0:hover {        -ms-transform: rotate(2deg);        -webkit-transform: rotate(2deg);        transform: rotate(2deg);      }    }          #bwg_container1_2 #bwg_container2_2 .bwg-container-2.bwg-standard-thumbnails .bwg-item1 {      padding-top: 150%;    }        #bwg_container1_2 #bwg_container2_2 .bwg-container-2.bwg-standard-thumbnails .bwg-title2,    #bwg_container1_2 #bwg_container2_2 .bwg-container-2.bwg-standard-thumbnails .bwg-ecommerce2 {      color: #CCCCCC;      font-family: segoe ui;      font-size: 16px;      font-weight: bold;      padding: 5px;      text-shadow: ;      max-height: 100%;    }    #bwg_container1_2 #bwg_container2_2 .bwg-container-2.bwg-standard-thumbnails .bwg-thumb-description span {    color: #323A45;    font-family: Ubuntu;    font-size: 12px;    max-height: 100%;    word-wrap: break-word;    }    #bwg_container1_2 #bwg_container2_2 .bwg-container-2.bwg-standard-thumbnails .bwg-play-icon2 {      font-size: 32px;    }    #bwg_container1_2 #bwg_container2_2 .bwg-container-2.bwg-standard-thumbnails .bwg-ecommerce2 {      font-size: 19.2px;      color: #CCCCCC;    }    <\/style>    <div id=\"bwg_container1_2\"         class=\"bwg_container bwg_thumbnail bwg_thumbnails \"         data-right-click-protection=\"0\"         data-bwg=\"2\"         data-scroll=\"0\"         data-gallery-type=\"thumbnails\"         data-gallery-view-type=\"thumbnails\"         data-current-url=\"\/sw\/wp-json\/wp\/v2\/pages\/38\"         data-lightbox-url=\"https:\/\/partnerschaft-igoma-luebeck.de\/wp-admin\/admin-ajax.php?action=GalleryBox&#038;current_view=2&#038;gallery_id=4&#038;tag=0&#038;theme_id=2&#038;shortcode_id=7&#038;sort_by=order&#038;order_by=asc&#038;current_url=%2Fsw%2Fwp-json%2Fwp%2Fv2%2Fpages%2F38\"         data-gallery-id=\"4\"         data-popup-width=\"800\"         data-popup-height=\"500\"         data-is-album=\"gallery\"         data-buttons-position=\"bottom\">      <div id=\"bwg_container2_2\">             <div id=\"ajax_loading_2\" class=\"bwg_loading_div_1\">      <div class=\"bwg_loading_div_2\">        <div class=\"bwg_loading_div_3\">          <div id=\"loading_div_2\" class=\"bwg_spider_ajax_loading\">          <\/div>        <\/div>      <\/div>    <\/div>            <form id=\"gal_front_form_2\"              class=\"bwg-hidden\"              method=\"post\"              action=\"#\"              data-current=\"2\"              data-shortcode-id=\"7\"              data-gallery-type=\"thumbnails\"              data-gallery-id=\"4\"              data-tag=\"0\"              data-album-id=\"0\"              data-theme-id=\"2\"              data-ajax-url=\"https:\/\/partnerschaft-igoma-luebeck.de\/wp-admin\/admin-ajax.php?action=bwg_frontend_data\">          <div id=\"bwg_container3_2\" class=\"bwg-background bwg-background-2\">                <div data-max-count=\"4\"         data-thumbnail-width=\"200\"         data-bwg=\"2\"         data-gallery-id=\"4\"         data-lightbox-url=\"https:\/\/partnerschaft-igoma-luebeck.de\/wp-admin\/admin-ajax.php?action=GalleryBox&amp;current_view=2&amp;gallery_id=4&amp;tag=0&amp;theme_id=2&amp;shortcode_id=7&amp;sort_by=order&amp;order_by=asc&amp;current_url=%2Fsw%2Fwp-json%2Fwp%2Fv2%2Fpages%2F38\"         id=\"bwg_thumbnails_2\"         class=\"bwg-container-2 bwg-thumbnails bwg-standard-thumbnails bwg-container bwg-border-box\">            <div class=\"bwg-item\">        <a class=\"bwg-a  bwg_lightbox\"  data-image-id=\"92\" href=\"https:\/\/partnerschaft-igoma-luebeck.de\/wp-content\/uploads\/photo-gallery\/neema\/IMG_0986.JPG\" data-elementor-open-lightbox=\"no\">                <div class=\"bwg-item0 \">          <div class=\"bwg-item1 \">            <div class=\"bwg-item2\">              <img decoding=\"async\" class=\"skip-lazy bwg_standart_thumb_img_2 \"                   data-id=\"92\"                   data-width=\"\"                   data-height=\"\"                   data-src=\"https:\/\/partnerschaft-igoma-luebeck.de\/wp-content\/uploads\/photo-gallery\/neema\/thumb\/IMG_0986.JPG\"                   src=\"https:\/\/partnerschaft-igoma-luebeck.de\/wp-content\/uploads\/photo-gallery\/neema\/thumb\/IMG_0986.JPG\"                   alt=\"IMG 0986\"                   title=\"IMG 0986\" \/>            <\/div>            <div class=\"\">                                                      <\/div>          <\/div>        <\/div>                        <\/a>              <\/div>            <div class=\"bwg-item\">        <a class=\"bwg-a  bwg_lightbox\"  data-image-id=\"90\" href=\"https:\/\/partnerschaft-igoma-luebeck.de\/wp-content\/uploads\/photo-gallery\/neema\/GetAttachmentThumbnail.jpg\" data-elementor-open-lightbox=\"no\">                <div class=\"bwg-item0 \">          <div class=\"bwg-item1 \">            <div class=\"bwg-item2\">              <img decoding=\"async\" class=\"skip-lazy bwg_standart_thumb_img_2 \"                   data-id=\"90\"                   data-width=\"\"                   data-height=\"\"                   data-src=\"https:\/\/partnerschaft-igoma-luebeck.de\/wp-content\/uploads\/photo-gallery\/neema\/thumb\/GetAttachmentThumbnail.jpg\"                   src=\"https:\/\/partnerschaft-igoma-luebeck.de\/wp-content\/uploads\/photo-gallery\/neema\/thumb\/GetAttachmentThumbnail.jpg\"                   alt=\"GetAttachmentThumbnail\"                   title=\"GetAttachmentThumbnail\" \/>            <\/div>            <div class=\"\">                                                      <\/div>          <\/div>        <\/div>                        <\/a>              <\/div>            <div class=\"bwg-item\">        <a class=\"bwg-a  bwg_lightbox\"  data-image-id=\"89\" href=\"https:\/\/partnerschaft-igoma-luebeck.de\/wp-content\/uploads\/photo-gallery\/neema\/IMG_0620.jpg\" data-elementor-open-lightbox=\"no\">                <div class=\"bwg-item0 \">          <div class=\"bwg-item1 \">            <div class=\"bwg-item2\">              <img decoding=\"async\" class=\"skip-lazy bwg_standart_thumb_img_2 \"                   data-id=\"89\"                   data-width=\"\"                   data-height=\"\"                   data-src=\"https:\/\/partnerschaft-igoma-luebeck.de\/wp-content\/uploads\/photo-gallery\/neema\/thumb\/IMG_0620.jpg\"                   src=\"https:\/\/partnerschaft-igoma-luebeck.de\/wp-content\/uploads\/photo-gallery\/neema\/thumb\/IMG_0620.jpg\"                   alt=\"IMG 0620\"                   title=\"IMG 0620\" \/>            <\/div>            <div class=\"\">                                                      <\/div>          <\/div>        <\/div>                        <\/a>              <\/div>            <div class=\"bwg-item\">        <a class=\"bwg-a  bwg_lightbox\"  data-image-id=\"88\" href=\"https:\/\/partnerschaft-igoma-luebeck.de\/wp-content\/uploads\/photo-gallery\/neema\/IMG_0647.jpg\" data-elementor-open-lightbox=\"no\">                <div class=\"bwg-item0 \">          <div class=\"bwg-item1 \">            <div class=\"bwg-item2\">              <img decoding=\"async\" class=\"skip-lazy bwg_standart_thumb_img_2 \"                   data-id=\"88\"                   data-width=\"\"                   data-height=\"\"                   data-src=\"https:\/\/partnerschaft-igoma-luebeck.de\/wp-content\/uploads\/photo-gallery\/neema\/thumb\/IMG_0647.jpg\"                   src=\"https:\/\/partnerschaft-igoma-luebeck.de\/wp-content\/uploads\/photo-gallery\/neema\/thumb\/IMG_0647.jpg\"                   alt=\"IMG 0647\"                   title=\"IMG 0647\" \/>            <\/div>            <div class=\"\">                                                      <\/div>          <\/div>        <\/div>                        <\/a>              <\/div>            <div class=\"bwg-item\">        <a class=\"bwg-a  bwg_lightbox\"  data-image-id=\"87\" href=\"https:\/\/partnerschaft-igoma-luebeck.de\/wp-content\/uploads\/photo-gallery\/neema\/DSC01075.jpg\" data-elementor-open-lightbox=\"no\">                <div class=\"bwg-item0 \">          <div class=\"bwg-item1 \">            <div class=\"bwg-item2\">              <img decoding=\"async\" class=\"skip-lazy bwg_standart_thumb_img_2 \"                   data-id=\"87\"                   data-width=\"\"                   data-height=\"\"                   data-src=\"https:\/\/partnerschaft-igoma-luebeck.de\/wp-content\/uploads\/photo-gallery\/neema\/thumb\/DSC01075.jpg\"                   src=\"https:\/\/partnerschaft-igoma-luebeck.de\/wp-content\/uploads\/photo-gallery\/neema\/thumb\/DSC01075.jpg\"                   alt=\"DSC01075\"                   title=\"DSC01075\" \/>            <\/div>            <div class=\"\">                                                      <\/div>          <\/div>        <\/div>                        <\/a>              <\/div>            <div class=\"bwg-item\">        <a class=\"bwg-a  bwg_lightbox\"  data-image-id=\"85\" href=\"https:\/\/partnerschaft-igoma-luebeck.de\/wp-content\/uploads\/photo-gallery\/neema\/IMG_1044.jpg\" data-elementor-open-lightbox=\"no\">                <div class=\"bwg-item0 \">          <div class=\"bwg-item1 \">            <div class=\"bwg-item2\">              <img decoding=\"async\" class=\"skip-lazy bwg_standart_thumb_img_2 \"                   data-id=\"85\"                   data-width=\"\"                   data-height=\"\"                   data-src=\"https:\/\/partnerschaft-igoma-luebeck.de\/wp-content\/uploads\/photo-gallery\/neema\/thumb\/IMG_1044.jpg\"                   src=\"https:\/\/partnerschaft-igoma-luebeck.de\/wp-content\/uploads\/photo-gallery\/neema\/thumb\/IMG_1044.jpg\"                   alt=\"IMG 1044\"                   title=\"IMG 1044\" \/>            <\/div>            <div class=\"\">                                                      <\/div>          <\/div>        <\/div>                        <\/a>              <\/div>            <div class=\"bwg-item\">        <a class=\"bwg-a  bwg_lightbox\"  data-image-id=\"38\" href=\"https:\/\/partnerschaft-igoma-luebeck.de\/wp-content\/uploads\/photo-gallery\/neema\/IMG_0976.JPG\" data-elementor-open-lightbox=\"no\">                <div class=\"bwg-item0 \">          <div class=\"bwg-item1 \">            <div class=\"bwg-item2\">              <img decoding=\"async\" class=\"skip-lazy bwg_standart_thumb_img_2 \"                   data-id=\"38\"                   data-width=\"\"                   data-height=\"\"                   data-src=\"https:\/\/partnerschaft-igoma-luebeck.de\/wp-content\/uploads\/photo-gallery\/neema\/thumb\/IMG_0976.JPG\"                   src=\"https:\/\/partnerschaft-igoma-luebeck.de\/wp-content\/uploads\/photo-gallery\/neema\/thumb\/IMG_0976.JPG\"                   alt=\"IMG 0976\"                   title=\"IMG 0976\" \/>            <\/div>            <div class=\"\">                                                      <\/div>          <\/div>        <\/div>                        <\/a>              <\/div>          <\/div>    <style>      \/*pagination styles*\/      #bwg_container1_2 #bwg_container2_2 .tablenav-pages_2 {\t\t\t\ttext-align: center;\t\t\t\tfont-size: 12px;\t\t\t\tfont-family: segoe ui;\t\t\t\tfont-weight: bold;\t\t\t\tcolor: #666666;\t\t\t\tmargin: 6px 0 4px;\t\t\t\tdisplay: block;      }      @media only screen and (max-width : 320px) {      #bwg_container1_2 #bwg_container2_2 .displaying-num_2 {     \t display: none;      }      }      #bwg_container1_2 #bwg_container2_2 .displaying-num_2 {\t\t\t\tfont-size: 12px;\t\t\t\tfont-family: segoe ui;\t\t\t\tfont-weight: bold;\t\t\t\tcolor: #666666;\t\t\t\tmargin-right: 10px;\t\t\t\tvertical-align: middle;      }      #bwg_container1_2 #bwg_container2_2 .paging-input_2 {\t\t\t\tfont-size: 12px;\t\t\t\tfont-family: segoe ui;\t\t\t\tfont-weight: bold;\t\t\t\tcolor: #666666;\t\t\t\tvertical-align: middle;      }      #bwg_container1_2 #bwg_container2_2 .tablenav-pages_2 a.disabled,      #bwg_container1_2 #bwg_container2_2 .tablenav-pages_2 a.disabled:hover,      #bwg_container1_2 #bwg_container2_2 .tablenav-pages_2 a.disabled:focus,\t\t\t#bwg_container1_2 #bwg_container2_2 .tablenav-pages_2 input.bwg_current_page {\t\t\t\tcursor: default;\t\t\t\tcolor: rgba(102, 102, 102, 0.5);      }      #bwg_container1_2 #bwg_container2_2 .tablenav-pages_2 a,      #bwg_container1_2 #bwg_container2_2 .tablenav-pages_2 input.bwg_current_page {\t\t\t\tcursor: pointer;\t\t\t\ttext-align: center;\t\t\t\tfont-size: 12px;\t\t\t\tfont-family: segoe ui;\t\t\t\tfont-weight: bold;\t\t\t\tcolor: #666666;\t\t\t\ttext-decoration: none;\t\t\t\tpadding: 3px 6px;\t\t\t\tmargin: 0;\t\t\t\tborder-radius: 0;\t\t\t\tborder-style: none;\t\t\t\tborder-width: 1px;\t\t\t\tborder-color: #E3E3E3;\t\t\t\t\t\t\t\tbackground-color: rgba(252, 252, 252, 1.00);\t\t\t\tbox-shadow: 0;\t\t\t\ttransition: all 0.3s ease 0s;-webkit-transition: all 0.3s ease 0s;      }      <\/style>      <span class=\"bwg_nav_cont_2\">              <div class=\"tablenav-pages_2\">                  <\/div>                <input type=\"hidden\" id=\"page_number_2\" name=\"page_number_2\" value=\"1\" \/>      <script type=\"text\/javascript\">        if( jQuery('.bwg_nav_cont_2').length > 1 ) {          jQuery('.bwg_nav_cont_2').first().remove()        }        function spider_page_2(cur, x, y, load_more) {          if (typeof load_more == \"undefined\") {            var load_more = false;          }          if (jQuery(cur).hasClass('disabled')) {            return false;          }          var items_county_2 = 1;          switch (y) {            case 1:              if (x >= items_county_2) {                document.getElementById('page_number_2').value = items_county_2;              }              else {                document.getElementById('page_number_2').value = x + 1;              }              break;            case 2:              document.getElementById('page_number_2').value = items_county_2;              break;            case -1:              if (x == 1) {                document.getElementById('page_number_2').value = 1;              }              else {                document.getElementById('page_number_2').value = x - 1;              }              break;            case -2:              document.getElementById('page_number_2').value = 1;              break;\t\t\t\t\t\tcase 0:              document.getElementById('page_number_2').value = x;              break;            default:              document.getElementById('page_number_2').value = 1;          }          bwg_ajax('gal_front_form_2', '2', 'bwg_thumbnails_2', '0', '', 'gallery', 0, '', '', load_more, '', 1);        }                    jQuery('.first-page-2').on('click', function () {              spider_page_2(this, 1, -2, 'numeric');              return false;            });            jQuery('.prev-page-2').on('click', function () {              spider_page_2(this, 1, -1, 'numeric');              return false;            });            jQuery('.next-page-2').on('click', function () {              spider_page_2(this, 1, 1, 'numeric');              return false;            });            jQuery('.last-page-2').on('click', function () {              spider_page_2(this, 1, 2, 'numeric');              return false;            });        \t\t\t\t\/* Change page on input enter. *\/        function bwg_change_page_2( e, that ) {          if (  e.key == 'Enter' ) {            var to_page = parseInt(jQuery(that).val());            var pages_count = jQuery(that).parents(\".pagination-links\").data(\"pages-count\");            var current_url_param = jQuery(that).attr('data-url-info');            if (to_page > pages_count) {              to_page = 1;            }\t \t\t\t\t\t\t\t\t\t\t\t\tspider_page_2(this, to_page, 0, 'numeric');\t\t\t\t\t\t\treturn false;\t\t\t\t\t\t          }          return true;        }        jQuery('.bwg_load_btn_2').on('click', function () {            spider_page_2(this, 1, 1, true);            return false;        });      <\/script>      <\/span>                <\/div>        <\/form>        <style>          #bwg_container1_2 #bwg_container2_2 #spider_popup_overlay_2 {          background-color: #000000;          opacity: 0.70;          }          <\/style>        <div id=\"bwg_spider_popup_loading_2\" class=\"bwg_spider_popup_loading\"><\/div>        <div id=\"spider_popup_overlay_2\" class=\"spider_popup_overlay\" onclick=\"spider_destroypopup(1000)\"><\/div>        <input type=\"hidden\" id=\"bwg_random_seed_2\" value=\"1741406664\">                <\/div>    <\/div>    <script>      if (document.readyState === 'complete') {        if( typeof bwg_main_ready == 'function' ) {          if ( jQuery(\"#bwg_container1_2\").height() ) {            bwg_main_ready(jQuery(\"#bwg_container1_2\"));          }        }      } else {        document.addEventListener('DOMContentLoaded', function() {          if( typeof bwg_main_ready == 'function' ) {            if ( jQuery(\"#bwg_container1_2\").height() ) {             bwg_main_ready(jQuery(\"#bwg_container1_2\"));            }          }        });      }    <\/script>    <\/p>","protected":false},"excerpt":{"rendered":"<p>In Tansania ist die Gesundheitsversorgung nur \u00e4u\u00dferst unzureichend: Krankenversicherungen gibt es kaum.\u00a0Die wenigen gut ausgestatteten \u00c4rzte und\u00a0Krankenh\u00e4user erheben hohe Geb\u00fchren, armen Menschen stehen daher nur schlecht ausger\u00fcstete Krankenstationen zur Verf\u00fcgung, die nur \u00fcber unzureichend geschultes<a class=\"read-more\" href=\"https:\/\/partnerschaft-igoma-luebeck.de\/sw\/unsere-projekte\/aktuelle-projekte\/neema-geburtsvorbereitung\/\">Continue reading<\/a><\/p>\n","protected":false},"author":1,"featured_media":0,"parent":509,"menu_order":2,"comment_status":"closed","ping_status":"closed","template":"","meta":{"footnotes":""},"class_list":["post-38","page","type-page","status-publish","hentry"],"_links":{"self":[{"href":"https:\/\/partnerschaft-igoma-luebeck.de\/sw\/wp-json\/wp\/v2\/pages\/38","targetHints":{"allow":["GET"]}}],"collection":[{"href":"https:\/\/partnerschaft-igoma-luebeck.de\/sw\/wp-json\/wp\/v2\/pages"}],"about":[{"href":"https:\/\/partnerschaft-igoma-luebeck.de\/sw\/wp-json\/wp\/v2\/types\/page"}],"author":[{"embeddable":true,"href":"https:\/\/partnerschaft-igoma-luebeck.de\/sw\/wp-json\/wp\/v2\/users\/1"}],"replies":[{"embeddable":true,"href":"https:\/\/partnerschaft-igoma-luebeck.de\/sw\/wp-json\/wp\/v2\/comments?post=38"}],"version-history":[{"count":8,"href":"https:\/\/partnerschaft-igoma-luebeck.de\/sw\/wp-json\/wp\/v2\/pages\/38\/revisions"}],"predecessor-version":[{"id":274,"href":"https:\/\/partnerschaft-igoma-luebeck.de\/sw\/wp-json\/wp\/v2\/pages\/38\/revisions\/274"}],"up":[{"embeddable":true,"href":"https:\/\/partnerschaft-igoma-luebeck.de\/sw\/wp-json\/wp\/v2\/pages\/509"}],"wp:attachment":[{"href":"https:\/\/partnerschaft-igoma-luebeck.de\/sw\/wp-json\/wp\/v2\/media?parent=38"}],"curies":[{"name":"wp","href":"https:\/\/api.w.org\/{rel}","templated":true}]}}