{"id":18,"date":"2018-01-05T21:26:03","date_gmt":"2018-01-05T20:26:03","guid":{"rendered":"http:\/\/igoma.klagge-it.de\/?page_id=18"},"modified":"2018-04-19T09:00:47","modified_gmt":"2018-04-19T07:00:47","slug":"unser-ziel-_-unsere-philosophie","status":"publish","type":"page","link":"https:\/\/partnerschaft-igoma-luebeck.de\/sw\/wir\/unser-ziel-_-unsere-philosophie\/","title":{"rendered":"Unsere Ziele &#038; unsere Philosophie"},"content":{"rendered":"<p class=\"qtranxs-available-languages-message qtranxs-available-languages-message-sw\">This page is only available in German - sorry! For the sake of viewer convenience, the content is shown below in the alternative language. You may click the link to switch the active language.<\/p><p>Seit 1992 sind wir\u00a0mit den Christen in Igoma\u00a0in\u00a0einer Partnerschaft verbunden. Wir m\u00f6chten m\u00f6glichst viele Menschen in unserer Gemeinde f\u00fcr unsere Partnerschaft interessieren. Dazu haben wir zusammengefasst, warum uns diese Partnerschaft am Herzen liegt:<\/p>\n<h3>Einander kennen und Verstehen lernen<\/h3>\n<p>In unserer globalisierten Welt h\u00e4ngt alles mit allem zusammen. Was in anderen Teilen der Welt geschieht, beeinflusst unser Leben. Wer die Welt verstehen will, muss \u00fcber den Tellerrrand hinausschauen und braucht den Kontakt zu Menschen aus anderen Kulturen und Lebensverh\u00e4ltnissen.<\/p>\n<h3>Im Glauben verbunden<\/h3>\n<p>Mit unseren Partnern sind wir in der weltweiten Gemeinschaft der Christen verbunden. Wir versuchen damit Jesu Aufforderung zu folgen, dass wir alle eins sein sollen und dass wir zuerst nach der Gerechtigkeit Gottes trachten sollten.<\/p>\n<h3>Miteinander teilen<\/h3>\n<p>Im Vergleich zu unseren Partnern sind wir unendlich reich. Wir wollen unsere Partner an unserem Reichtum teilhaben lassen. Dabei ist uns bewusst, dass wir alleine deren Situation nicht grundlegend \u00e4ndern k\u00f6nnen. Unsere Hilfe kann aber Zeichen setzen: f\u00fcr bessere Bildung, bessere medizinische Betreuung oder sorgsamen Umgang mit der Umwelt. M\u00f6glich wird dies durch Spenden, Kollekten und Zusch\u00fcsse der Nordelbischen Kirche oder anderer Organisationen.<\/p>\n<h3>F\u00fcreinander einstehen<\/h3>\n<p>Die Globalisierung hat Vor- und Nachteile. Afrika geh\u00f6rt zu den Verlierern. Die Menschen in Afrika werden nicht gebraucht, weder als Produzenten noch als\u00a0Kunden. Als Gewinner der Globalisierung haben wir eine gro\u00dfe Verantwortung: Wir m\u00fcssen die enormen Benachteiligungen aufzeigen und die Vision von Gerechtigkeit, medizinischer Betreuung, Bildung und F\u00fclle des Lebens f\u00fcr alle aufrecht erhalten.\u00a0Die ungerechten \u00f6konomischen und politischen Strukturen k\u00f6nnen nur durch die Zusammenarbeit vieler Menschen in \u00fcberregionalen und internationalen Initiativen ver\u00e4ndert werden. Wir helfen solchen Initiativen: durch den Verkauf fair gehandelter Produkte und durch Unterst\u00fctzung von Organisationen (wie z.B. &#8220;Oikocredit&#8221;), die versuchen, die negativen Folgen der Globalisierung abzumildern.<\/p>\n<h3>Afrika genie\u00dfen<\/h3>\n<p>Afrika hat viel zu bieten. Wir lassen uns gerne von Afrika bereichern. Wir fahren zu Konzerten afrikanischer K\u00fcnstler, sehen Filme \u00fcber Afrika, kochen afrikanisch und besuchen Veranstaltungen, die mit Afrika zu tun haben.<\/p>","protected":false},"excerpt":{"rendered":"<p>This page is only available in German &#8211; sorry! For the sake of viewer convenience, the content is shown below in the alternative language. You may click the link to switch the active language.Seit 1992<a class=\"read-more\" href=\"https:\/\/partnerschaft-igoma-luebeck.de\/sw\/wir\/unser-ziel-_-unsere-philosophie\/\">Continue reading<\/a><\/p>\n","protected":false},"author":1,"featured_media":0,"parent":5,"menu_order":0,"comment_status":"closed","ping_status":"closed","template":"","meta":{"footnotes":""},"class_list":["post-18","page","type-page","status-publish","hentry"],"_links":{"self":[{"href":"https:\/\/partnerschaft-igoma-luebeck.de\/sw\/wp-json\/wp\/v2\/pages\/18","targetHints":{"allow":["GET"]}}],"collection":[{"href":"https:\/\/partnerschaft-igoma-luebeck.de\/sw\/wp-json\/wp\/v2\/pages"}],"about":[{"href":"https:\/\/partnerschaft-igoma-luebeck.de\/sw\/wp-json\/wp\/v2\/types\/page"}],"author":[{"embeddable":true,"href":"https:\/\/partnerschaft-igoma-luebeck.de\/sw\/wp-json\/wp\/v2\/users\/1"}],"replies":[{"embeddable":true,"href":"https:\/\/partnerschaft-igoma-luebeck.de\/sw\/wp-json\/wp\/v2\/comments?post=18"}],"version-history":[{"count":5,"href":"https:\/\/partnerschaft-igoma-luebeck.de\/sw\/wp-json\/wp\/v2\/pages\/18\/revisions"}],"predecessor-version":[{"id":161,"href":"https:\/\/partnerschaft-igoma-luebeck.de\/sw\/wp-json\/wp\/v2\/pages\/18\/revisions\/161"}],"up":[{"embeddable":true,"href":"https:\/\/partnerschaft-igoma-luebeck.de\/sw\/wp-json\/wp\/v2\/pages\/5"}],"wp:attachment":[{"href":"https:\/\/partnerschaft-igoma-luebeck.de\/sw\/wp-json\/wp\/v2\/media?parent=18"}],"curies":[{"name":"wp","href":"https:\/\/api.w.org\/{rel}","templated":true}]}}