{"id":16,"date":"2018-01-05T21:24:16","date_gmt":"2018-01-05T20:24:16","guid":{"rendered":"http:\/\/igoma.klagge-it.de\/?page_id=16"},"modified":"2024-01-01T17:50:48","modified_gmt":"2024-01-01T16:50:48","slug":"so-fing-alles-an","status":"publish","type":"page","link":"https:\/\/partnerschaft-igoma-luebeck.de\/sw\/wir\/so-fing-alles-an\/","title":{"rendered":"So fing alles an"},"content":{"rendered":"<p class=\"qtranxs-available-languages-message qtranxs-available-languages-message-sw\">This page is only available in German - sorry! For the sake of viewer convenience, the content is shown below in the alternative language. You may click the link to switch the active language.<\/p><p><img loading=\"lazy\" decoding=\"async\" class=\" wp-image-157 alignright\" src=\"\/wp-content\/uploads\/2018\/01\/Denkmal-613x1024.jpg\" alt=\"\" width=\"288\" height=\"481\" srcset=\"https:\/\/partnerschaft-igoma-luebeck.de\/wp-content\/uploads\/2018\/01\/Denkmal-613x1024.jpg 613w, https:\/\/partnerschaft-igoma-luebeck.de\/wp-content\/uploads\/2018\/01\/Denkmal-180x300.jpg 180w, https:\/\/partnerschaft-igoma-luebeck.de\/wp-content\/uploads\/2018\/01\/Denkmal-768x1283.jpg 768w, https:\/\/partnerschaft-igoma-luebeck.de\/wp-content\/uploads\/2018\/01\/Denkmal-520x868.jpg 520w, https:\/\/partnerschaft-igoma-luebeck.de\/wp-content\/uploads\/2018\/01\/Denkmal-740x1236.jpg 740w, https:\/\/partnerschaft-igoma-luebeck.de\/wp-content\/uploads\/2018\/01\/Denkmal.jpg 1552w\" sizes=\"auto, (max-width: 288px) 100vw, 288px\" \/>Mary Matemba \u2013 dieser Name ist unaufl\u00f6slich verkn\u00fcpft mit den Wurzeln der Beziehungen nach Mwanza. Als junge Frau machte sie ein Praktikum im Rahmen ihrer Ausbildung zur Erzieherin in Hamburg und L\u00fcbeck. W\u00e4hrend ihrer Zeit in Deutschland kam sie auch in Kontakt mit Solveig Webecke, der sp\u00e4teren Pastorin der Luthergemeinde, die die Verbindung mit Mary auch nach deren R\u00fcckkehr nach Mwanza aufrecht hielt.<\/p>\n<p>1988 gr\u00fcndete die Ev. Kirche in Tansania eine neue Di\u00f6zese mit Bischofssitz in Mwanza. Mary Matemba ergriff Anfang der 1990er Jahre die Initiative und fragte im Nordelbischen Missionszentrum (NMZ) an, ob die M\u00f6glichkeit best\u00fcnde, eine Partnerschaft zwischen der neuen Di\u00f6zese und einer L\u00fcbecker Gemeinde ins Leben zu rufen. Dr. M\u00fcsing vom NMZ besuchte den Kirchenvorstand der Luthergemeinde und stellte dort den Wunsch vor. Der KV stimmte dem Vorhaben zu, und so wurde 1993 die Partnerschaft zwischen der Igomagemeinde und der Luthergemeinde von den Pastoren Nehemia Bomani und Heiko Schierenberg besiegelt.<\/p>\n<p>Wie sollte es \u201elosgehen\u201c? Eine Gruppe neugieriger Gemeindemitglieder war motiviert, die Einladung aus Igoma zu einem ersten Besuch anzunehmen. Beraten durchs NMZ begannen 5 Mutige, sich auf die Reise vorzubereiten: Edith Clasen, Werner Fricke, Heiko und Kristin Schierenberg, Katharina Zymalkowski. Reisef\u00fchrer wurden studiert, erste Redewendungen auf Kisuaheli einge\u00fcbt, Impfungen durchgef\u00fchrt. Aufgeregt, neugierig, gespannt auf die fremde Welt, der sie nun begegnen w\u00fcrden, machte sich die Gruppe im Sommer 1994 auf den Weg. In Igoma wurden sie herzlich empfangen und eine lange Freundschaft begann.<\/p>\n<p><img loading=\"lazy\" decoding=\"async\" class=\"wp-image-312\" src=\"https:\/\/partnerschaft-igoma-luebeck.de\/wp-content\/uploads\/2018\/04\/IMG_0750-300x258.jpg\" alt=\"\" width=\"209\" height=\"180\" srcset=\"https:\/\/partnerschaft-igoma-luebeck.de\/wp-content\/uploads\/2018\/04\/IMG_0750-300x258.jpg 300w, https:\/\/partnerschaft-igoma-luebeck.de\/wp-content\/uploads\/2018\/04\/IMG_0750-768x661.jpg 768w, https:\/\/partnerschaft-igoma-luebeck.de\/wp-content\/uploads\/2018\/04\/IMG_0750-1024x881.jpg 1024w, https:\/\/partnerschaft-igoma-luebeck.de\/wp-content\/uploads\/2018\/04\/IMG_0750-520x447.jpg 520w, https:\/\/partnerschaft-igoma-luebeck.de\/wp-content\/uploads\/2018\/04\/IMG_0750-740x637.jpg 740w, https:\/\/partnerschaft-igoma-luebeck.de\/wp-content\/uploads\/2018\/04\/IMG_0750.jpg 1268w\" sizes=\"auto, (max-width: 209px) 100vw, 209px\" \/> \u00a0<img loading=\"lazy\" decoding=\"async\" class=\"wp-image-313\" src=\"https:\/\/partnerschaft-igoma-luebeck.de\/wp-content\/uploads\/2018\/04\/IMG_0751-1024x752.jpg\" alt=\"\" width=\"245\" height=\"180\" srcset=\"https:\/\/partnerschaft-igoma-luebeck.de\/wp-content\/uploads\/2018\/04\/IMG_0751-1024x752.jpg 1024w, https:\/\/partnerschaft-igoma-luebeck.de\/wp-content\/uploads\/2018\/04\/IMG_0751-300x220.jpg 300w, https:\/\/partnerschaft-igoma-luebeck.de\/wp-content\/uploads\/2018\/04\/IMG_0751-768x564.jpg 768w, https:\/\/partnerschaft-igoma-luebeck.de\/wp-content\/uploads\/2018\/04\/IMG_0751-520x382.jpg 520w, https:\/\/partnerschaft-igoma-luebeck.de\/wp-content\/uploads\/2018\/04\/IMG_0751-740x544.jpg 740w, https:\/\/partnerschaft-igoma-luebeck.de\/wp-content\/uploads\/2018\/04\/IMG_0751.jpg 1795w\" sizes=\"auto, (max-width: 245px) 100vw, 245px\" \/>\u00a0<img loading=\"lazy\" decoding=\"async\" class=\"wp-image-314\" src=\"https:\/\/partnerschaft-igoma-luebeck.de\/wp-content\/uploads\/2018\/04\/IMG_0752-1024x722.jpg\" alt=\"\" width=\"255\" height=\"180\" srcset=\"https:\/\/partnerschaft-igoma-luebeck.de\/wp-content\/uploads\/2018\/04\/IMG_0752-1024x722.jpg 1024w, https:\/\/partnerschaft-igoma-luebeck.de\/wp-content\/uploads\/2018\/04\/IMG_0752-300x212.jpg 300w, https:\/\/partnerschaft-igoma-luebeck.de\/wp-content\/uploads\/2018\/04\/IMG_0752-768x542.jpg 768w, https:\/\/partnerschaft-igoma-luebeck.de\/wp-content\/uploads\/2018\/04\/IMG_0752-520x367.jpg 520w, https:\/\/partnerschaft-igoma-luebeck.de\/wp-content\/uploads\/2018\/04\/IMG_0752-740x522.jpg 740w\" sizes=\"auto, (max-width: 255px) 100vw, 255px\" \/><\/p>","protected":false},"excerpt":{"rendered":"<p>This page is only available in German &#8211; sorry! For the sake of viewer convenience, the content is shown below in the alternative language. You may click the link to switch the active language.Mary Matemba<a class=\"read-more\" href=\"https:\/\/partnerschaft-igoma-luebeck.de\/sw\/wir\/so-fing-alles-an\/\">Continue reading<\/a><\/p>\n","protected":false},"author":1,"featured_media":0,"parent":5,"menu_order":0,"comment_status":"closed","ping_status":"closed","template":"","meta":{"footnotes":""},"class_list":["post-16","page","type-page","status-publish","hentry"],"_links":{"self":[{"href":"https:\/\/partnerschaft-igoma-luebeck.de\/sw\/wp-json\/wp\/v2\/pages\/16","targetHints":{"allow":["GET"]}}],"collection":[{"href":"https:\/\/partnerschaft-igoma-luebeck.de\/sw\/wp-json\/wp\/v2\/pages"}],"about":[{"href":"https:\/\/partnerschaft-igoma-luebeck.de\/sw\/wp-json\/wp\/v2\/types\/page"}],"author":[{"embeddable":true,"href":"https:\/\/partnerschaft-igoma-luebeck.de\/sw\/wp-json\/wp\/v2\/users\/1"}],"replies":[{"embeddable":true,"href":"https:\/\/partnerschaft-igoma-luebeck.de\/sw\/wp-json\/wp\/v2\/comments?post=16"}],"version-history":[{"count":12,"href":"https:\/\/partnerschaft-igoma-luebeck.de\/sw\/wp-json\/wp\/v2\/pages\/16\/revisions"}],"predecessor-version":[{"id":340,"href":"https:\/\/partnerschaft-igoma-luebeck.de\/sw\/wp-json\/wp\/v2\/pages\/16\/revisions\/340"}],"up":[{"embeddable":true,"href":"https:\/\/partnerschaft-igoma-luebeck.de\/sw\/wp-json\/wp\/v2\/pages\/5"}],"wp:attachment":[{"href":"https:\/\/partnerschaft-igoma-luebeck.de\/sw\/wp-json\/wp\/v2\/media?parent=16"}],"curies":[{"name":"wp","href":"https:\/\/api.w.org\/{rel}","templated":true}]}}