{"id":55,"date":"2018-01-05T21:48:08","date_gmt":"2018-01-05T20:48:08","guid":{"rendered":"http:\/\/igoma.klagge-it.de\/?page_id=55"},"modified":"2023-11-12T20:04:54","modified_gmt":"2023-11-12T19:04:54","slug":"interessante-links","status":"publish","type":"page","link":"https:\/\/partnerschaft-igoma-luebeck.de\/en\/alles-andere\/interessante-links\/","title":{"rendered":"Interessante Links"},"content":{"rendered":"<p><\/p>\n<ul>\n<li>Informationen \u00fcber <u>Tansania<\/u>: <a href=\"http:\/\/www.tanzania.go.tz\">www.tanzania.go.tz<\/a><\/li>\n<li>Aktuelle <u>Nachrichten <\/u>aus Tansania: <a href=\"http:\/\/www.bagamoyo.com\">www.bagamoyo.com<\/a> &#8220;Neues aus Tansania&#8221;<\/li>\n<li><u>Partnerschaften <\/u>Deutschland &#8211; Tansania: <a href=\"http:\/\/www.tanzania-network.de\">www.tanzania-network.de<\/a><\/li>\n<li>Informationen \u00fcber <u>Mwanza<\/u>: <a href=\"http:\/\/www.mwanza-guide.com\">www.mwanza-guide.com<\/a><\/li>\n<li><u>St\u00e4dtepartnerschaft <\/u>Mwanza &#8211; W\u00fcrzburg: <a href=\"http:\/\/www.mwanza.de\">www.mwanza.de<\/a><\/li>\n<li><u>Oikokredit <\/u>&#8211; in Menschen investieren: <a href=\"http:\/\/www.oikocredit.org\">www.oikocredit.org<\/a><a id=\"LPlnk796472\" href=\"https:\/\/blickwexxel.com\/2017\/02\/14\/kirchenschnack-die-welt-zu-gast-in-sandesneben\/#more-1709\" target=\"_blank\" rel=\"noopener\"><\/a><\/li>\n<li>Zentrum f\u00fcr Mission und \u00d6kumene, Hamburg: <a href=\"https:\/\/www.nordkirche-weltweit.de\">https:\/\/www.nordkirche-weltweit.de<\/a><\/li>\n<\/ul>\n<p><\/p>","protected":false},"excerpt":{"rendered":"<p>Informationen \u00fcber Tansania: www.tanzania.go.tz Aktuelle Nachrichten aus Tansania: www.bagamoyo.com &#8220;Neues aus Tansania&#8221; Partnerschaften Deutschland &#8211; Tansania: www.tanzania-network.de Informationen \u00fcber Mwanza: www.mwanza-guide.com St\u00e4dtepartnerschaft Mwanza &#8211; W\u00fcrzburg: www.mwanza.de Oikokredit &#8211; in Menschen investieren: www.oikocredit.org Zentrum f\u00fcr Mission<a class=\"read-more\" href=\"https:\/\/partnerschaft-igoma-luebeck.de\/en\/alles-andere\/interessante-links\/\">Continue reading<\/a><\/p>\n","protected":false},"author":1,"featured_media":0,"parent":11,"menu_order":0,"comment_status":"closed","ping_status":"closed","template":"","meta":{"footnotes":""},"class_list":["post-55","page","type-page","status-publish","hentry"],"_links":{"self":[{"href":"https:\/\/partnerschaft-igoma-luebeck.de\/en\/wp-json\/wp\/v2\/pages\/55","targetHints":{"allow":["GET"]}}],"collection":[{"href":"https:\/\/partnerschaft-igoma-luebeck.de\/en\/wp-json\/wp\/v2\/pages"}],"about":[{"href":"https:\/\/partnerschaft-igoma-luebeck.de\/en\/wp-json\/wp\/v2\/types\/page"}],"author":[{"embeddable":true,"href":"https:\/\/partnerschaft-igoma-luebeck.de\/en\/wp-json\/wp\/v2\/users\/1"}],"replies":[{"embeddable":true,"href":"https:\/\/partnerschaft-igoma-luebeck.de\/en\/wp-json\/wp\/v2\/comments?post=55"}],"version-history":[{"count":5,"href":"https:\/\/partnerschaft-igoma-luebeck.de\/en\/wp-json\/wp\/v2\/pages\/55\/revisions"}],"predecessor-version":[{"id":531,"href":"https:\/\/partnerschaft-igoma-luebeck.de\/en\/wp-json\/wp\/v2\/pages\/55\/revisions\/531"}],"up":[{"embeddable":true,"href":"https:\/\/partnerschaft-igoma-luebeck.de\/en\/wp-json\/wp\/v2\/pages\/11"}],"wp:attachment":[{"href":"https:\/\/partnerschaft-igoma-luebeck.de\/en\/wp-json\/wp\/v2\/media?parent=55"}],"curies":[{"name":"wp","href":"https:\/\/api.w.org\/{rel}","templated":true}]}}