{"id":527,"date":"2024-05-29T22:05:04","date_gmt":"2024-05-29T20:05:04","guid":{"rendered":"https:\/\/partnerschaft-igoma-luebeck.de\/?page_id=527"},"modified":"2024-05-29T22:04:47","modified_gmt":"2024-05-29T20:04:47","slug":"dentisratio-gmbh-potsdam","status":"publish","type":"page","link":"https:\/\/partnerschaft-igoma-luebeck.de\/en\/unsere-partner-kooperationen\/dentisratio-gmbh-potsdam\/","title":{"rendered":"DENTISRATIO GmbH Potsdam"},"content":{"rendered":"\n<p>Wir freuen uns sehr \u00fcber die gro\u00dfe Unterst\u00fctzung durch die <a href=\"http:\/\/www.dentisratio.de\">DENTISRATIO GmbH<\/a>, Potsdam, f\u00fcr unsere Projekte.<\/p>\n","protected":false},"excerpt":{"rendered":"<p>Wir freuen uns sehr \u00fcber die gro\u00dfe Unterst\u00fctzung durch die DENTISRATIO GmbH, Potsdam, f\u00fcr unsere Projekte.<\/p>\n","protected":false},"author":3,"featured_media":0,"parent":9,"menu_order":7,"comment_status":"closed","ping_status":"closed","template":"","meta":{"footnotes":""},"class_list":["post-527","page","type-page","status-publish","hentry"],"_links":{"self":[{"href":"https:\/\/partnerschaft-igoma-luebeck.de\/en\/wp-json\/wp\/v2\/pages\/527","targetHints":{"allow":["GET"]}}],"collection":[{"href":"https:\/\/partnerschaft-igoma-luebeck.de\/en\/wp-json\/wp\/v2\/pages"}],"about":[{"href":"https:\/\/partnerschaft-igoma-luebeck.de\/en\/wp-json\/wp\/v2\/types\/page"}],"author":[{"embeddable":true,"href":"https:\/\/partnerschaft-igoma-luebeck.de\/en\/wp-json\/wp\/v2\/users\/3"}],"replies":[{"embeddable":true,"href":"https:\/\/partnerschaft-igoma-luebeck.de\/en\/wp-json\/wp\/v2\/comments?post=527"}],"version-history":[{"count":5,"href":"https:\/\/partnerschaft-igoma-luebeck.de\/en\/wp-json\/wp\/v2\/pages\/527\/revisions"}],"predecessor-version":[{"id":662,"href":"https:\/\/partnerschaft-igoma-luebeck.de\/en\/wp-json\/wp\/v2\/pages\/527\/revisions\/662"}],"up":[{"embeddable":true,"href":"https:\/\/partnerschaft-igoma-luebeck.de\/en\/wp-json\/wp\/v2\/pages\/9"}],"wp:attachment":[{"href":"https:\/\/partnerschaft-igoma-luebeck.de\/en\/wp-json\/wp\/v2\/media?parent=527"}],"curies":[{"name":"wp","href":"https:\/\/api.w.org\/{rel}","templated":true}]}}