{"id":418,"date":"2022-03-13T21:16:20","date_gmt":"2022-03-13T20:16:20","guid":{"rendered":"https:\/\/partnerschaft-igoma-luebeck.de\/?page_id=418"},"modified":"2024-07-07T16:41:53","modified_gmt":"2024-07-07T14:41:53","slug":"coronaprojekt-2","status":"publish","type":"page","link":"https:\/\/partnerschaft-igoma-luebeck.de\/en\/unsere-projekte\/abgeschlossene-projekte\/coronaprojekt-2\/","title":{"rendered":"Corona-Projekt 2"},"content":{"rendered":"\n<p class=\"has-text-align-center\">&#8220;Ansteckung im Gottesdienst verringern&#8221;<\/p>\n\n\n\n<p>Nach den sehr erfolgreichen Coronaprojekt im Fr\u00fchjahr 2020, bei dem <strong>Frauen der Gemeinde<\/strong> mehr als 1500 Alltags-Masken gen\u00e4ht und viele Liter fl\u00fcssige Seife hergestellt und verteilt hatten ( siehe unter Projekte Corona 1 ) haben wir auch im Jahr 2021 <strong>gemeinsam<\/strong> ein Projekt auf den Weg gebracht.<\/p>\n\n\n\n<p>Mit Spendenmittel aus L\u00fcbeck haben die Freunde in Tansania dabei die Situation bei den Gottesdiensten deutlich verbessert. <strong>Die Idee wurde in der Partnergemeinde entwickelt<\/strong>. Angeschafft wurden ein gro\u00dfer Bildschirm, eine Kamera samt Kabel und Lautsprecher sowie 100 Plastikst\u00fchle. Somit k\u00f6nnen beim Gottesdienst nun Abst\u00e4nde besser eingehalten und so die Gefahr einer Ansteckung mit dem Coronavirus verringert werden. Es wurden au\u00dferdem Waschm\u00f6glichkeiten zum H\u00e4ndewaschen geschaffen und Desinfektionsmittel zur Handdesinfektion finanziert.<\/p>\n\n\n\n<p>Die Aufkl\u00e4rungsarbeit aus dem Projektteil 1 wurde fortgesetzt, die Ch\u00f6re der Gemeinde haben <strong>Lieder zum Umgang mit Corona<\/strong> einstudiert und vorgetragen, \u00c4rzte haben Informationen zum Umgang gegeben.<\/p>\n\n\n\n<figure class=\"wp-block-gallery has-nested-images columns-default is-cropped wp-block-gallery-1 is-layout-flex wp-block-gallery-is-layout-flex\">\n<figure class=\"wp-block-image size-large\"><img loading=\"lazy\" decoding=\"async\" width=\"1024\" height=\"767\" data-id=\"458\" src=\"https:\/\/partnerschaft-igoma-luebeck.de\/wp-content\/uploads\/2022\/03\/Co-2-Bildschirm-Kirche-Igoma-2021-11-02-1024x767.jpeg\" alt=\"\" class=\"wp-image-458\" srcset=\"https:\/\/partnerschaft-igoma-luebeck.de\/wp-content\/uploads\/2022\/03\/Co-2-Bildschirm-Kirche-Igoma-2021-11-02-1024x767.jpeg 1024w, https:\/\/partnerschaft-igoma-luebeck.de\/wp-content\/uploads\/2022\/03\/Co-2-Bildschirm-Kirche-Igoma-2021-11-02-300x225.jpeg 300w, https:\/\/partnerschaft-igoma-luebeck.de\/wp-content\/uploads\/2022\/03\/Co-2-Bildschirm-Kirche-Igoma-2021-11-02-768x575.jpeg 768w, https:\/\/partnerschaft-igoma-luebeck.de\/wp-content\/uploads\/2022\/03\/Co-2-Bildschirm-Kirche-Igoma-2021-11-02-520x390.jpeg 520w, https:\/\/partnerschaft-igoma-luebeck.de\/wp-content\/uploads\/2022\/03\/Co-2-Bildschirm-Kirche-Igoma-2021-11-02-740x554.jpeg 740w, https:\/\/partnerschaft-igoma-luebeck.de\/wp-content\/uploads\/2022\/03\/Co-2-Bildschirm-Kirche-Igoma-2021-11-02.jpeg 1080w\" sizes=\"auto, (max-width: 1024px) 100vw, 1024px\" \/><\/figure>\n\n\n\n<figure class=\"wp-block-image size-large\"><img loading=\"lazy\" decoding=\"async\" width=\"1024\" height=\"767\" data-id=\"459\" src=\"https:\/\/partnerschaft-igoma-luebeck.de\/wp-content\/uploads\/2022\/03\/Co-2-GD-Teilnehmer-vor-der-Kirche-Igoma-2-2021-11-02-1024x767.jpeg\" alt=\"\" class=\"wp-image-459\" srcset=\"https:\/\/partnerschaft-igoma-luebeck.de\/wp-content\/uploads\/2022\/03\/Co-2-GD-Teilnehmer-vor-der-Kirche-Igoma-2-2021-11-02-1024x767.jpeg 1024w, https:\/\/partnerschaft-igoma-luebeck.de\/wp-content\/uploads\/2022\/03\/Co-2-GD-Teilnehmer-vor-der-Kirche-Igoma-2-2021-11-02-300x225.jpeg 300w, https:\/\/partnerschaft-igoma-luebeck.de\/wp-content\/uploads\/2022\/03\/Co-2-GD-Teilnehmer-vor-der-Kirche-Igoma-2-2021-11-02-768x575.jpeg 768w, https:\/\/partnerschaft-igoma-luebeck.de\/wp-content\/uploads\/2022\/03\/Co-2-GD-Teilnehmer-vor-der-Kirche-Igoma-2-2021-11-02-520x390.jpeg 520w, https:\/\/partnerschaft-igoma-luebeck.de\/wp-content\/uploads\/2022\/03\/Co-2-GD-Teilnehmer-vor-der-Kirche-Igoma-2-2021-11-02-740x554.jpeg 740w, https:\/\/partnerschaft-igoma-luebeck.de\/wp-content\/uploads\/2022\/03\/Co-2-GD-Teilnehmer-vor-der-Kirche-Igoma-2-2021-11-02.jpeg 1080w\" sizes=\"auto, (max-width: 1024px) 100vw, 1024px\" \/><\/figure>\n\n\n\n<figure class=\"wp-block-image size-large\"><img loading=\"lazy\" decoding=\"async\" width=\"1024\" height=\"767\" data-id=\"460\" src=\"https:\/\/partnerschaft-igoma-luebeck.de\/wp-content\/uploads\/2022\/03\/Co-2-GD-Teilnehmer-vor-der-Kirche-Igoma-2021-11-02-1024x767.jpeg\" alt=\"\" class=\"wp-image-460\" srcset=\"https:\/\/partnerschaft-igoma-luebeck.de\/wp-content\/uploads\/2022\/03\/Co-2-GD-Teilnehmer-vor-der-Kirche-Igoma-2021-11-02-1024x767.jpeg 1024w, https:\/\/partnerschaft-igoma-luebeck.de\/wp-content\/uploads\/2022\/03\/Co-2-GD-Teilnehmer-vor-der-Kirche-Igoma-2021-11-02-300x225.jpeg 300w, https:\/\/partnerschaft-igoma-luebeck.de\/wp-content\/uploads\/2022\/03\/Co-2-GD-Teilnehmer-vor-der-Kirche-Igoma-2021-11-02-768x575.jpeg 768w, https:\/\/partnerschaft-igoma-luebeck.de\/wp-content\/uploads\/2022\/03\/Co-2-GD-Teilnehmer-vor-der-Kirche-Igoma-2021-11-02-520x390.jpeg 520w, https:\/\/partnerschaft-igoma-luebeck.de\/wp-content\/uploads\/2022\/03\/Co-2-GD-Teilnehmer-vor-der-Kirche-Igoma-2021-11-02-740x554.jpeg 740w, https:\/\/partnerschaft-igoma-luebeck.de\/wp-content\/uploads\/2022\/03\/Co-2-GD-Teilnehmer-vor-der-Kirche-Igoma-2021-11-02.jpeg 1080w\" sizes=\"auto, (max-width: 1024px) 100vw, 1024px\" \/><\/figure>\n\n\n\n<figure class=\"wp-block-image size-large\"><img loading=\"lazy\" decoding=\"async\" width=\"683\" height=\"1024\" data-id=\"457\" src=\"https:\/\/partnerschaft-igoma-luebeck.de\/wp-content\/uploads\/2022\/03\/Co-2-Sanitiser-Igoma-2021-11-02-683x1024.jpeg\" alt=\"\" class=\"wp-image-457\" srcset=\"https:\/\/partnerschaft-igoma-luebeck.de\/wp-content\/uploads\/2022\/03\/Co-2-Sanitiser-Igoma-2021-11-02-683x1024.jpeg 683w, https:\/\/partnerschaft-igoma-luebeck.de\/wp-content\/uploads\/2022\/03\/Co-2-Sanitiser-Igoma-2021-11-02-200x300.jpeg 200w, https:\/\/partnerschaft-igoma-luebeck.de\/wp-content\/uploads\/2022\/03\/Co-2-Sanitiser-Igoma-2021-11-02-520x780.jpeg 520w, https:\/\/partnerschaft-igoma-luebeck.de\/wp-content\/uploads\/2022\/03\/Co-2-Sanitiser-Igoma-2021-11-02.jpeg 720w\" sizes=\"auto, (max-width: 683px) 100vw, 683px\" \/><\/figure>\n\n\n\n<figure class=\"wp-block-image size-large\"><img loading=\"lazy\" decoding=\"async\" width=\"1024\" height=\"767\" data-id=\"461\" src=\"https:\/\/partnerschaft-igoma-luebeck.de\/wp-content\/uploads\/2022\/03\/Co-2-Station-Haendewaschen-Igoma-Kirche-2021-11-02-1024x767.jpeg\" alt=\"\" class=\"wp-image-461\" srcset=\"https:\/\/partnerschaft-igoma-luebeck.de\/wp-content\/uploads\/2022\/03\/Co-2-Station-Haendewaschen-Igoma-Kirche-2021-11-02-1024x767.jpeg 1024w, https:\/\/partnerschaft-igoma-luebeck.de\/wp-content\/uploads\/2022\/03\/Co-2-Station-Haendewaschen-Igoma-Kirche-2021-11-02-300x225.jpeg 300w, https:\/\/partnerschaft-igoma-luebeck.de\/wp-content\/uploads\/2022\/03\/Co-2-Station-Haendewaschen-Igoma-Kirche-2021-11-02-768x575.jpeg 768w, https:\/\/partnerschaft-igoma-luebeck.de\/wp-content\/uploads\/2022\/03\/Co-2-Station-Haendewaschen-Igoma-Kirche-2021-11-02-520x390.jpeg 520w, https:\/\/partnerschaft-igoma-luebeck.de\/wp-content\/uploads\/2022\/03\/Co-2-Station-Haendewaschen-Igoma-Kirche-2021-11-02-740x554.jpeg 740w, https:\/\/partnerschaft-igoma-luebeck.de\/wp-content\/uploads\/2022\/03\/Co-2-Station-Haendewaschen-Igoma-Kirche-2021-11-02.jpeg 1080w\" sizes=\"auto, (max-width: 1024px) 100vw, 1024px\" \/><\/figure>\n<\/figure>\n","protected":false},"excerpt":{"rendered":"<p>&#8220;Ansteckung im Gottesdienst verringern&#8221; Nach den sehr erfolgreichen Coronaprojekt im Fr\u00fchjahr 2020, bei dem Frauen der Gemeinde mehr als 1500 Alltags-Masken gen\u00e4ht und viele Liter fl\u00fcssige Seife hergestellt und verteilt hatten ( siehe unter Projekte<a class=\"read-more\" href=\"https:\/\/partnerschaft-igoma-luebeck.de\/en\/unsere-projekte\/abgeschlossene-projekte\/coronaprojekt-2\/\">Continue reading<\/a><\/p>\n","protected":false},"author":2,"featured_media":0,"parent":511,"menu_order":12,"comment_status":"closed","ping_status":"closed","template":"","meta":{"footnotes":""},"class_list":["post-418","page","type-page","status-publish","hentry"],"_links":{"self":[{"href":"https:\/\/partnerschaft-igoma-luebeck.de\/en\/wp-json\/wp\/v2\/pages\/418","targetHints":{"allow":["GET"]}}],"collection":[{"href":"https:\/\/partnerschaft-igoma-luebeck.de\/en\/wp-json\/wp\/v2\/pages"}],"about":[{"href":"https:\/\/partnerschaft-igoma-luebeck.de\/en\/wp-json\/wp\/v2\/types\/page"}],"author":[{"embeddable":true,"href":"https:\/\/partnerschaft-igoma-luebeck.de\/en\/wp-json\/wp\/v2\/users\/2"}],"replies":[{"embeddable":true,"href":"https:\/\/partnerschaft-igoma-luebeck.de\/en\/wp-json\/wp\/v2\/comments?post=418"}],"version-history":[{"count":4,"href":"https:\/\/partnerschaft-igoma-luebeck.de\/en\/wp-json\/wp\/v2\/pages\/418\/revisions"}],"predecessor-version":[{"id":465,"href":"https:\/\/partnerschaft-igoma-luebeck.de\/en\/wp-json\/wp\/v2\/pages\/418\/revisions\/465"}],"up":[{"embeddable":true,"href":"https:\/\/partnerschaft-igoma-luebeck.de\/en\/wp-json\/wp\/v2\/pages\/511"}],"wp:attachment":[{"href":"https:\/\/partnerschaft-igoma-luebeck.de\/en\/wp-json\/wp\/v2\/media?parent=418"}],"curies":[{"name":"wp","href":"https:\/\/api.w.org\/{rel}","templated":true}]}}