{"id":21,"date":"2018-01-05T21:26:59","date_gmt":"2018-01-05T20:26:59","guid":{"rendered":"http:\/\/igoma.klagge-it.de\/?page_id=21"},"modified":"2023-11-12T20:12:44","modified_gmt":"2023-11-12T19:12:44","slug":"angaza-lutheran-parish","status":"publish","type":"page","link":"https:\/\/partnerschaft-igoma-luebeck.de\/en\/unsere-partner-kooperationen\/angaza-lutheran-parish\/","title":{"rendered":"Angaza Lutheran Parish"},"content":{"rendered":"<p><b>Angaza Lutheran Parish<\/b> ist eine evangelische Gemeinde in Igoma &#8211; seit 1992 Partnergemeinde unserer Kirchengemeinde Luther-Melanchthon zu L\u00fcbeck. Sie hat ca. 600 Gemeindemitglieder, betreut auch einige kleinere Missionsgemeinden in D\u00f6rfern \u00f6stlich von Mwanza. Die Gemeindemitglieder sind aus allen Bev\u00f6lkerungsschichten: B\u00fcroangestellte, Ladenbesitzer, Fabrikarbeiter, Gelegenheitsarbeiter, Kleinh\u00e4ndler, Bauern. Die Gemeinde betreibt einen Kindergarten.<\/p>\n<p><strong>Gemeindepastor<\/strong>: Obadiah Rulalile<\/p>\n\n\n<h2 class=\"wp-block-heading\">Igoma<\/h2>\n\n\n\n<p>Igoma ist der Vorort der Gro\u00dfstadt Mwanza an der Fernverkehrsstra\u00dfe vom Serengeti-\u00adNationalpark zum Victoriasee mit Fabriken, vielen kleineren L\u00e4den, lebhaftem Handel an der Durchgangsstra\u00dfe, einer gro\u00dfen Berufsschule und mehreren staatlichen und privaten Schulen, Bauern, die vor allem Reis, Mais und Maniok anbauen, Geh\u00f6ften mit Kleintierhaltung, Kirchen verschiedener Glaubensrichtungen.<br>Die Angaza-Gemeinde ist eine evangelische Kirchengemeinde innerhalb der Evangelisch-Lutherischen Kirche von Tansania. Gottesdienste werden in der gro\u00dfen 16 \u201eLuther-Kirche\u201c in Igoma gefeiert. Geleitet<br>wird die Gemeinde vom Pastor und dem Kirchengemeinderat. Sie unterh\u00e4lt einen Kindergarten und betreut einige kleinere Missionsgemeinden in D\u00f6rfern \u00f6stlich von Mwanza. Dort leben die Menschen unter schwierigen Bedingungen von dem, was sie um ihre Geh\u00f6fte herum anbauen. Mit unseren Projekten wollen wir insbesondere den Menschen in den Missionsgemeinden helfen und dazu beitragen, dass sie auch auf dem Lande ihr Auskommen haben und nicht zur weit verbreiteten \u201eStadtflucht\u201c gezwungen sind.<\/p>\n\n\n\n<figure class=\"wp-block-image size-large\"><img loading=\"lazy\" decoding=\"async\" width=\"1024\" height=\"325\" src=\"https:\/\/partnerschaft-igoma-luebeck.de\/wp-content\/uploads\/2018\/01\/igoma_stadt-1024x325.png\" alt=\"\" class=\"wp-image-146\" srcset=\"https:\/\/partnerschaft-igoma-luebeck.de\/wp-content\/uploads\/2018\/01\/igoma_stadt-1024x325.png 1024w, https:\/\/partnerschaft-igoma-luebeck.de\/wp-content\/uploads\/2018\/01\/igoma_stadt-300x95.png 300w, https:\/\/partnerschaft-igoma-luebeck.de\/wp-content\/uploads\/2018\/01\/igoma_stadt-768x244.png 768w, https:\/\/partnerschaft-igoma-luebeck.de\/wp-content\/uploads\/2018\/01\/igoma_stadt-520x165.png 520w, https:\/\/partnerschaft-igoma-luebeck.de\/wp-content\/uploads\/2018\/01\/igoma_stadt-740x235.png 740w\" sizes=\"auto, (max-width: 1024px) 100vw, 1024px\" \/><\/figure>","protected":false},"excerpt":{"rendered":"<p>Angaza Lutheran Parish ist eine evangelische Gemeinde in Igoma &#8211; seit 1992 Partnergemeinde unserer Kirchengemeinde Luther-Melanchthon zu L\u00fcbeck. Sie hat ca. 600 Gemeindemitglieder, betreut auch einige kleinere Missionsgemeinden in D\u00f6rfern \u00f6stlich von Mwanza. Die Gemeindemitglieder<a class=\"read-more\" href=\"https:\/\/partnerschaft-igoma-luebeck.de\/en\/unsere-partner-kooperationen\/angaza-lutheran-parish\/\">Continue reading<\/a><\/p>\n","protected":false},"author":1,"featured_media":0,"parent":9,"menu_order":0,"comment_status":"closed","ping_status":"closed","template":"","meta":{"footnotes":""},"class_list":["post-21","page","type-page","status-publish","hentry"],"_links":{"self":[{"href":"https:\/\/partnerschaft-igoma-luebeck.de\/en\/wp-json\/wp\/v2\/pages\/21","targetHints":{"allow":["GET"]}}],"collection":[{"href":"https:\/\/partnerschaft-igoma-luebeck.de\/en\/wp-json\/wp\/v2\/pages"}],"about":[{"href":"https:\/\/partnerschaft-igoma-luebeck.de\/en\/wp-json\/wp\/v2\/types\/page"}],"author":[{"embeddable":true,"href":"https:\/\/partnerschaft-igoma-luebeck.de\/en\/wp-json\/wp\/v2\/users\/1"}],"replies":[{"embeddable":true,"href":"https:\/\/partnerschaft-igoma-luebeck.de\/en\/wp-json\/wp\/v2\/comments?post=21"}],"version-history":[{"count":11,"href":"https:\/\/partnerschaft-igoma-luebeck.de\/en\/wp-json\/wp\/v2\/pages\/21\/revisions"}],"predecessor-version":[{"id":536,"href":"https:\/\/partnerschaft-igoma-luebeck.de\/en\/wp-json\/wp\/v2\/pages\/21\/revisions\/536"}],"up":[{"embeddable":true,"href":"https:\/\/partnerschaft-igoma-luebeck.de\/en\/wp-json\/wp\/v2\/pages\/9"}],"wp:attachment":[{"href":"https:\/\/partnerschaft-igoma-luebeck.de\/en\/wp-json\/wp\/v2\/media?parent=21"}],"curies":[{"name":"wp","href":"https:\/\/api.w.org\/{rel}","templated":true}]}}